{"id":703,"date":"2023-10-20T11:07:38","date_gmt":"2023-10-20T09:07:38","guid":{"rendered":"https:\/\/dj-julien-animation.fr\/?page_id=703"},"modified":"2025-07-18T19:20:01","modified_gmt":"2025-07-18T17:20:01","slug":"tarifs","status":"publish","type":"page","link":"https:\/\/dj-julien-animation.fr\/?page_id=703","title":{"rendered":"Tarifs"},"content":{"rendered":"\t\t<div data-elementor-type=\"wp-page\" data-elementor-id=\"703\" class=\"elementor elementor-703\">\n\t\t\t\t\t\t\t\t\t<section class=\"elementor-section elementor-top-section elementor-element elementor-element-gyk4uv1 elementor-section-boxed elementor-section-height-default elementor-section-height-default\" data-id=\"gyk4uv1\" data-element_type=\"section\" data-settings=\"{&quot;background_background&quot;:&quot;classic&quot;}\">\n\t\t\t\t\t\t\t<div class=\"elementor-background-overlay\"><\/div>\n\t\t\t\t\t\t\t<div class=\"elementor-container elementor-column-gap-default\">\n\t\t\t\t\t<div class=\"elementor-column elementor-col-100 elementor-top-column elementor-element elementor-element-90988fe\" data-id=\"90988fe\" data-element_type=\"column\">\n\t\t\t<div class=\"elementor-widget-wrap elementor-element-populated\">\n\t\t\t\t\t\t\t\t<div class=\"elementor-element elementor-element-4a1c612 elementor-widget elementor-widget-heading\" data-id=\"4a1c612\" data-element_type=\"widget\" data-widget_type=\"heading.default\">\n\t\t\t\t<div class=\"elementor-widget-container\">\n\t\t\t<style>\/*! elementor - v3.16.0 - 17-10-2023 *\/\n.elementor-heading-title{padding:0;margin:0;line-height:1}.elementor-widget-heading .elementor-heading-title[class*=elementor-size-]>a{color:inherit;font-size:inherit;line-height:inherit}.elementor-widget-heading .elementor-heading-title.elementor-size-small{font-size:15px}.elementor-widget-heading .elementor-heading-title.elementor-size-medium{font-size:19px}.elementor-widget-heading .elementor-heading-title.elementor-size-large{font-size:29px}.elementor-widget-heading .elementor-heading-title.elementor-size-xl{font-size:39px}.elementor-widget-heading .elementor-heading-title.elementor-size-xxl{font-size:59px}<\/style><h1 class=\"elementor-heading-title elementor-size-default\">tarifs<\/h1>\t\t<\/div>\n\t\t\t\t<\/div>\n\t\t\t\t\t<\/div>\n\t\t<\/div>\n\t\t\t\t\t\t\t<\/div>\n\t\t<\/section>\n\t\t\t\t<section class=\"elementor-section elementor-top-section elementor-element elementor-element-paiad8s elementor-section-content-middle elementor-section-boxed elementor-section-height-default elementor-section-height-default\" data-id=\"paiad8s\" data-element_type=\"section\">\n\t\t\t\t\t\t\t<div class=\"elementor-background-overlay\"><\/div>\n\t\t\t\t\t\t\t<div class=\"elementor-container elementor-column-gap-no\">\n\t\t\t\t\t<div class=\"elementor-column elementor-col-100 elementor-top-column elementor-element elementor-element-da6ae65\" data-id=\"da6ae65\" data-element_type=\"column\">\n\t\t\t<div class=\"elementor-widget-wrap elementor-element-populated\">\n\t\t\t\t\t\t\t\t<div class=\"elementor-element elementor-element-9551936 elementor-widget-divider--view-line_text elementor-widget-divider--element-align-left elementor-widget elementor-widget-divider\" data-id=\"9551936\" data-element_type=\"widget\" data-widget_type=\"divider.default\">\n\t\t\t\t<div class=\"elementor-widget-container\">\n\t\t\t<style>\/*! elementor - v3.16.0 - 17-10-2023 *\/\n.elementor-widget-divider{--divider-border-style:none;--divider-border-width:1px;--divider-color:#0c0d0e;--divider-icon-size:20px;--divider-element-spacing:10px;--divider-pattern-height:24px;--divider-pattern-size:20px;--divider-pattern-url:none;--divider-pattern-repeat:repeat-x}.elementor-widget-divider .elementor-divider{display:flex}.elementor-widget-divider .elementor-divider__text{font-size:15px;line-height:1;max-width:95%}.elementor-widget-divider .elementor-divider__element{margin:0 var(--divider-element-spacing);flex-shrink:0}.elementor-widget-divider .elementor-icon{font-size:var(--divider-icon-size)}.elementor-widget-divider .elementor-divider-separator{display:flex;margin:0;direction:ltr}.elementor-widget-divider--view-line_icon .elementor-divider-separator,.elementor-widget-divider--view-line_text .elementor-divider-separator{align-items:center}.elementor-widget-divider--view-line_icon .elementor-divider-separator:after,.elementor-widget-divider--view-line_icon .elementor-divider-separator:before,.elementor-widget-divider--view-line_text .elementor-divider-separator:after,.elementor-widget-divider--view-line_text .elementor-divider-separator:before{display:block;content:\"\";border-bottom:0;flex-grow:1;border-top:var(--divider-border-width) var(--divider-border-style) var(--divider-color)}.elementor-widget-divider--element-align-left .elementor-divider .elementor-divider-separator>.elementor-divider__svg:first-of-type{flex-grow:0;flex-shrink:100}.elementor-widget-divider--element-align-left .elementor-divider-separator:before{content:none}.elementor-widget-divider--element-align-left .elementor-divider__element{margin-left:0}.elementor-widget-divider--element-align-right .elementor-divider .elementor-divider-separator>.elementor-divider__svg:last-of-type{flex-grow:0;flex-shrink:100}.elementor-widget-divider--element-align-right .elementor-divider-separator:after{content:none}.elementor-widget-divider--element-align-right .elementor-divider__element{margin-right:0}.elementor-widget-divider:not(.elementor-widget-divider--view-line_text):not(.elementor-widget-divider--view-line_icon) .elementor-divider-separator{border-top:var(--divider-border-width) var(--divider-border-style) var(--divider-color)}.elementor-widget-divider--separator-type-pattern{--divider-border-style:none}.elementor-widget-divider--separator-type-pattern.elementor-widget-divider--view-line .elementor-divider-separator,.elementor-widget-divider--separator-type-pattern:not(.elementor-widget-divider--view-line) .elementor-divider-separator:after,.elementor-widget-divider--separator-type-pattern:not(.elementor-widget-divider--view-line) .elementor-divider-separator:before,.elementor-widget-divider--separator-type-pattern:not([class*=elementor-widget-divider--view]) .elementor-divider-separator{width:100%;min-height:var(--divider-pattern-height);-webkit-mask-size:var(--divider-pattern-size) 100%;mask-size:var(--divider-pattern-size) 100%;-webkit-mask-repeat:var(--divider-pattern-repeat);mask-repeat:var(--divider-pattern-repeat);background-color:var(--divider-color);-webkit-mask-image:var(--divider-pattern-url);mask-image:var(--divider-pattern-url)}.elementor-widget-divider--no-spacing{--divider-pattern-size:auto}.elementor-widget-divider--bg-round{--divider-pattern-repeat:round}.rtl .elementor-widget-divider .elementor-divider__text{direction:rtl}.e-con-inner>.elementor-widget-divider,.e-con>.elementor-widget-divider{width:var(--container-widget-width,100%);--flex-grow:var(--container-widget-flex-grow)}<\/style>\t\t<div class=\"elementor-divider\">\n\t\t\t<span class=\"elementor-divider-separator\">\n\t\t\t\t\t\t\t<h6 class=\"elementor-divider__text elementor-divider__element\">\n\t\t\t\t2025 \/ 2026\t\t\t\t<\/h6>\n\t\t\t\t\t\t<\/span>\n\t\t<\/div>\n\t\t\t\t<\/div>\n\t\t\t\t<\/div>\n\t\t\t\t<div class=\"elementor-element elementor-element-b0fabca elementor-widget elementor-widget-image-box\" data-id=\"b0fabca\" data-element_type=\"widget\" data-widget_type=\"image-box.default\">\n\t\t\t\t<div class=\"elementor-widget-container\">\n\t\t\t<style>\/*! elementor - v3.16.0 - 17-10-2023 *\/\n.elementor-widget-image-box .elementor-image-box-content{width:100%}@media (min-width:768px){.elementor-widget-image-box.elementor-position-left .elementor-image-box-wrapper,.elementor-widget-image-box.elementor-position-right .elementor-image-box-wrapper{display:flex}.elementor-widget-image-box.elementor-position-right .elementor-image-box-wrapper{text-align:right;flex-direction:row-reverse}.elementor-widget-image-box.elementor-position-left .elementor-image-box-wrapper{text-align:left;flex-direction:row}.elementor-widget-image-box.elementor-position-top .elementor-image-box-img{margin:auto}.elementor-widget-image-box.elementor-vertical-align-top .elementor-image-box-wrapper{align-items:flex-start}.elementor-widget-image-box.elementor-vertical-align-middle .elementor-image-box-wrapper{align-items:center}.elementor-widget-image-box.elementor-vertical-align-bottom .elementor-image-box-wrapper{align-items:flex-end}}@media (max-width:767px){.elementor-widget-image-box .elementor-image-box-img{margin-left:auto!important;margin-right:auto!important;margin-bottom:15px}}.elementor-widget-image-box .elementor-image-box-img{display:inline-block}.elementor-widget-image-box .elementor-image-box-title a{color:inherit}.elementor-widget-image-box .elementor-image-box-wrapper{text-align:center}.elementor-widget-image-box .elementor-image-box-description{margin:0}<\/style><div class=\"elementor-image-box-wrapper\"><div class=\"elementor-image-box-content\"><h2 class=\"elementor-image-box-title\">Nos tarifs 2026<\/h2><p class=\"elementor-image-box-description\">Les prix indiqu\u00e9s sont TTC et sont donn\u00e9 a titre indicatif peuvent donc vari\u00e9es selon votre demande (lieux, horaires, options\u2026). Il est donc fortement conseill\u00e9 d\u2019\u00e9tablir une demande de devis via notre formulaire de contact .<\/p><\/div><\/div>\t\t<\/div>\n\t\t\t\t<\/div>\n\t\t\t\t<div class=\"elementor-element elementor-element-9cc4421 elementor-widget-divider--view-line elementor-widget elementor-widget-divider\" data-id=\"9cc4421\" data-element_type=\"widget\" data-widget_type=\"divider.default\">\n\t\t\t\t<div class=\"elementor-widget-container\">\n\t\t\t\t\t<div class=\"elementor-divider\">\n\t\t\t<span class=\"elementor-divider-separator\">\n\t\t\t\t\t\t<\/span>\n\t\t<\/div>\n\t\t\t\t<\/div>\n\t\t\t\t<\/div>\n\t\t\t\t\t<\/div>\n\t\t<\/div>\n\t\t\t\t\t\t\t<\/div>\n\t\t<\/section>\n\t\t<div class=\"elementor-element elementor-element-49fd774 e-flex e-con-boxed e-con e-parent\" data-id=\"49fd774\" data-element_type=\"container\" data-settings=\"{&quot;content_width&quot;:&quot;boxed&quot;}\" data-core-v316-plus=\"true\">\n\t\t\t\t\t<div class=\"e-con-inner\">\n\t\t<div class=\"elementor-element elementor-element-a28e338 e-con-full e-flex e-con e-child\" data-id=\"a28e338\" data-element_type=\"container\" data-settings=\"{&quot;content_width&quot;:&quot;full&quot;}\">\n\t\t\t\t<div class=\"elementor-element elementor-element-0bdcf34 elementor-widget__width-initial elementor-widget elementor-widget-text-editor\" data-id=\"0bdcf34\" data-element_type=\"widget\" data-widget_type=\"text-editor.default\">\n\t\t\t\t<div class=\"elementor-widget-container\">\n\t\t\t<style>\/*! elementor - v3.16.0 - 17-10-2023 *\/\n.elementor-widget-text-editor.elementor-drop-cap-view-stacked .elementor-drop-cap{background-color:#69727d;color:#fff}.elementor-widget-text-editor.elementor-drop-cap-view-framed .elementor-drop-cap{color:#69727d;border:3px solid;background-color:transparent}.elementor-widget-text-editor:not(.elementor-drop-cap-view-default) .elementor-drop-cap{margin-top:8px}.elementor-widget-text-editor:not(.elementor-drop-cap-view-default) .elementor-drop-cap-letter{width:1em;height:1em}.elementor-widget-text-editor .elementor-drop-cap{float:left;text-align:center;line-height:1;font-size:50px}.elementor-widget-text-editor .elementor-drop-cap-letter{display:inline-block}<\/style>\t\t\t\t<p style=\"text-align: center;\"><strong><span style=\"text-decoration: underline;\">Formule Mariage<\/span><\/strong><\/p><ul><li>Rendez-vous de pr\u00e9paration<\/li><li>D\u00e9placement \/ transport du mat\u00e9riel<\/li><li>Montage \/ d\u00e9montage du mat\u00e9riels<\/li><li>Syst\u00e8me de sonorisation haut de gamme\u00a0<\/li><li>Pack \u00e9clairage laser et led<\/li><li>Micro VHF<\/li><li>Jeux d&rsquo;animation<\/li><li>Sonorisation ext\u00e9rieur\u00a0<\/li><li>Vin d&rsquo;honneur\u00a0<\/li><li>Ouverture de bal<\/li><\/ul><p><span style=\"text-decoration: underline;\">Prestation optionnelle :<\/span><\/p><ul><li>Vid\u00e9o projecteur\u00a0 \u00a0 \u00a0 \u00a0 \u00a0\/40\u20ac<\/li><li>Machine \u00e0 bulles\u00a0 \u00a0 \u00a0 \u00a0 \/30\u20ac<\/li><li>Machine \u00e0 fum\u00e9e\u00a0 \u00a0 \u00a0 \u00a0\/30\u20ac<\/li><\/ul><p style=\"text-align: center;\"><em>Horaires d&rsquo;animation : 18:00 \u00e0 2:00<\/em><\/p><p style=\"text-align: center;\"><em>Tarif heure suppl\u00e9mentaire : 50\u20ac\/heure<\/em><\/p><p style=\"text-align: center;\"><strong>A partir de 800\u20ac<\/strong><\/p>\t\t\t\t\t\t<\/div>\n\t\t\t\t<\/div>\n\t\t\t\t<\/div>\n\t\t<div class=\"elementor-element elementor-element-86bb5ed e-con-full e-flex e-con e-child\" data-id=\"86bb5ed\" data-element_type=\"container\" data-settings=\"{&quot;content_width&quot;:&quot;full&quot;}\">\n\t\t\t\t<div class=\"elementor-element elementor-element-2046ddc elementor-widget__width-initial elementor-widget elementor-widget-text-editor\" data-id=\"2046ddc\" data-element_type=\"widget\" data-widget_type=\"text-editor.default\">\n\t\t\t\t<div class=\"elementor-widget-container\">\n\t\t\t\t\t\t\t<p style=\"text-align: center;\"><span style=\"color: #eb0960;\"><strong><span style=\"text-decoration: underline;\">Formule Anniversaire<\/span><\/strong><\/span><\/p><ul><li><span style=\"color: #eb0960;\">Rendez-vous de pr\u00e9paration<\/span><\/li><li><span style=\"color: #eb0960;\">D\u00e9placement \/ transport du mat\u00e9riel<\/span><\/li><li><span style=\"color: #eb0960;\">Montage \/ d\u00e9montage du mat\u00e9riels<\/span><\/li><li><span style=\"color: #eb0960;\">Syst\u00e8me de sonorisation haut de gamme<\/span><\/li><li><span style=\"color: #eb0960;\">Pack \u00e9clairage laser et led<\/span><\/li><li><span style=\"color: #eb0960;\">Micro VHF<\/span><\/li><li><span style=\"color: #eb0960;\">Jeux d&rsquo;animation<\/span><\/li><\/ul><div>\u00a0<\/div><div>\u00a0<\/div><div>\u00a0<\/div><p><span style=\"color: #eb0960;\"><u>Prestation optionnelle :<\/u><\/span><\/p><ul><li><span style=\"color: #eb0960;\">Vid\u00e9o projecteur\u00a0 \u00a0 \u00a0 \u00a0 \u00a0 \u00a0 \/40\u20ac<\/span><\/li><li><span style=\"font-style: inherit; font-weight: inherit; text-align: var(--text-align); background-color: var(--ast-global-color-4); color: #eb0960;\">Machine \u00e0 bulles\u00a0 \u00a0 \u00a0 \u00a0 \u00a0 \u00a0\/30\u20ac<\/span><\/li><li><span style=\"color: #eb0960;\">Machine \u00e0 fum\u00e9e\u00a0 \u00a0 \u00a0 \u00a0 \u00a0 \/30\u20ac<\/span><\/li><\/ul><p style=\"text-align: center;\"><span style=\"color: #eb0960;\"><em>Horaires d&rsquo;animation : 18:00 \u00e0 1:00<\/em><\/span><\/p><p style=\"text-align: center;\"><span style=\"color: #eb0960;\"><em>Tarif heure suppl\u00e9mentaire : 50\u20ac\/heure<\/em><\/span><\/p><p style=\"text-align: center;\"><span style=\"color: #eb0960;\"><strong>A partir de 600\u20ac<\/strong><\/span><\/p>\t\t\t\t\t\t<\/div>\n\t\t\t\t<\/div>\n\t\t\t\t<\/div>\n\t\t<div class=\"elementor-element elementor-element-0dfeb85 e-con-full e-flex e-con e-child\" data-id=\"0dfeb85\" data-element_type=\"container\" data-settings=\"{&quot;content_width&quot;:&quot;full&quot;}\">\n\t\t\t\t<div class=\"elementor-element elementor-element-1c39e80 elementor-widget elementor-widget-text-editor\" data-id=\"1c39e80\" data-element_type=\"widget\" data-widget_type=\"text-editor.default\">\n\t\t\t\t<div class=\"elementor-widget-container\">\n\t\t\t\t\t\t\t<p style=\"text-align: center;\"><strong><span style=\"text-decoration: underline;\">Formule Professionnelle<\/span><\/strong><\/p><ul><li>Rendez-vous de pr\u00e9paration<\/li><li>D\u00e9placement \/ transport du mat\u00e9riel<\/li><li>Montage \/ d\u00e9montage du mat\u00e9riels<\/li><li>Syst\u00e8me de sonorisation (selon demande)<\/li><li>Pack \u00e9clairage (selon demande)<\/li><li>Animation (selon demande)<\/li><\/ul><div>\u00a0<\/div><div>\u00a0<\/div><div>\u00a0<\/div><div>\u00a0<\/div><p><span style=\"text-decoration: underline;\">Prestation optionnelle :<\/span>\u00a0<\/p><ul><li>Vid\u00e9o projecteur.\u00a0 \u00a0 \u00a0 \u00a0 \u00a0\/40\u20ac<\/li><li>Machine \u00e0 bulles.\u00a0 \u00a0 \u00a0 \u00a0 \u00a0\/30\u20ac\u00a0<\/li><li>Machine \u00e0 fum\u00e9e.\u00a0 \u00a0 \u00a0 \u00a0 \u00a0\/30\u20ac<\/li><\/ul><p style=\"text-align: center;\"><strong>Sur Devis<\/strong><\/p>\t\t\t\t\t\t<\/div>\n\t\t\t\t<\/div>\n\t\t\t\t<\/div>\n\t\t\t\t\t<\/div>\n\t\t\t\t<\/div>\n\t\t\t\t\t\t\t<\/div>\n\t\t","protected":false},"excerpt":{"rendered":"<p>tarifs 2025 \/ 2026 Nos tarifs 2026 Les prix indiqu\u00e9s sont TTC et sont donn\u00e9 a titre indicatif peuvent donc vari\u00e9es selon votre demande (lieux, horaires, options\u2026). Il est donc fortement conseill\u00e9 d\u2019\u00e9tablir une demande de devis via notre formulaire de contact . Formule Mariage Rendez-vous de pr\u00e9paration D\u00e9placement \/ transport du mat\u00e9riel Montage \/ &hellip;<\/p>\n<p class=\"read-more\"> <a class=\"\" href=\"https:\/\/dj-julien-animation.fr\/?page_id=703\"> <span class=\"screen-reader-text\">Tarifs<\/span> Lire la suite\u00a0\u00bb<\/a><\/p>\n","protected":false},"author":1,"featured_media":0,"parent":0,"menu_order":0,"comment_status":"closed","ping_status":"closed","template":"","meta":{"site-sidebar-layout":"no-sidebar","site-content-layout":"page-builder","ast-site-content-layout":"full-width-container","site-content-style":"default","site-sidebar-style":"default","ast-global-header-display":"","ast-banner-title-visibility":"","ast-main-header-display":"","ast-hfb-above-header-display":"","ast-hfb-below-header-display":"","ast-hfb-mobile-header-display":"","site-post-title":"disabled","ast-breadcrumbs-content":"","ast-featured-img":"disabled","footer-sml-layout":"","theme-transparent-header-meta":"","adv-header-id-meta":"","stick-header-meta":"","header-above-stick-meta":"","header-main-stick-meta":"","header-below-stick-meta":"","astra-migrate-meta-layouts":"set","footnotes":""},"_links":{"self":[{"href":"https:\/\/dj-julien-animation.fr\/index.php?rest_route=\/wp\/v2\/pages\/703"}],"collection":[{"href":"https:\/\/dj-julien-animation.fr\/index.php?rest_route=\/wp\/v2\/pages"}],"about":[{"href":"https:\/\/dj-julien-animation.fr\/index.php?rest_route=\/wp\/v2\/types\/page"}],"author":[{"embeddable":true,"href":"https:\/\/dj-julien-animation.fr\/index.php?rest_route=\/wp\/v2\/users\/1"}],"replies":[{"embeddable":true,"href":"https:\/\/dj-julien-animation.fr\/index.php?rest_route=%2Fwp%2Fv2%2Fcomments&post=703"}],"version-history":[{"count":60,"href":"https:\/\/dj-julien-animation.fr\/index.php?rest_route=\/wp\/v2\/pages\/703\/revisions"}],"predecessor-version":[{"id":935,"href":"https:\/\/dj-julien-animation.fr\/index.php?rest_route=\/wp\/v2\/pages\/703\/revisions\/935"}],"wp:attachment":[{"href":"https:\/\/dj-julien-animation.fr\/index.php?rest_route=%2Fwp%2Fv2%2Fmedia&parent=703"}],"curies":[{"name":"wp","href":"https:\/\/api.w.org\/{rel}","templated":true}]}}